{"id":29,"date":"2022-06-15T12:56:29","date_gmt":"2022-06-15T09:56:29","guid":{"rendered":"http:\/\/nuralkimya.com\/?page_id=29"},"modified":"2022-06-17T12:46:47","modified_gmt":"2022-06-17T09:46:47","slug":"hakkimizda","status":"publish","type":"page","link":"http:\/\/nuralkimya.com\/index.php\/hakkimizda\/","title":{"rendered":"Hakk\u0131m\u0131zda"},"content":{"rendered":"\t\t<div data-elementor-type=\"wp-page\" data-elementor-id=\"29\" class=\"elementor elementor-29\">\n\t\t\t\t\t\t\t\t\t<section class=\"elementor-section elementor-top-section elementor-element elementor-element-e600a13 elementor-section-content-middle elementor-section-boxed elementor-section-height-default elementor-section-height-default\" data-id=\"e600a13\" data-element_type=\"section\">\n\t\t\t\t\t\t<div class=\"elementor-container elementor-column-gap-no\">\n\t\t\t\t\t<div class=\"elementor-column elementor-col-50 elementor-top-column elementor-element elementor-element-4cad0\" data-id=\"4cad0\" data-element_type=\"column\">\n\t\t\t<div class=\"elementor-widget-wrap elementor-element-populated\">\n\t\t\t\t\t\t\t\t<div class=\"elementor-element elementor-element-865150c elementor-widget elementor-widget-image\" data-id=\"865150c\" data-element_type=\"widget\" data-widget_type=\"image.default\">\n\t\t\t\t<div class=\"elementor-widget-container\">\n\t\t\t<style>\/*! elementor - v3.6.6 - 08-06-2022 *\/\n.elementor-widget-image{text-align:center}.elementor-widget-image a{display:inline-block}.elementor-widget-image a img[src$=\".svg\"]{width:48px}.elementor-widget-image img{vertical-align:middle;display:inline-block}<\/style>\t\t\t\t\t\t\t\t\t\t\t\t<img decoding=\"async\" width=\"1193\" height=\"851\" src=\"http:\/\/nuralkimya.com\/wp-content\/uploads\/2022\/06\/lipox-katalog_Sayfa_35.jpg\" class=\"attachment-full size-full\" alt=\"\" loading=\"lazy\" srcset=\"http:\/\/nuralkimya.com\/wp-content\/uploads\/2022\/06\/lipox-katalog_Sayfa_35.jpg 1193w, http:\/\/nuralkimya.com\/wp-content\/uploads\/2022\/06\/lipox-katalog_Sayfa_35-300x214.jpg 300w, http:\/\/nuralkimya.com\/wp-content\/uploads\/2022\/06\/lipox-katalog_Sayfa_35-1024x730.jpg 1024w, http:\/\/nuralkimya.com\/wp-content\/uploads\/2022\/06\/lipox-katalog_Sayfa_35-768x548.jpg 768w\" sizes=\"(max-width: 1193px) 100vw, 1193px\" \/>\t\t\t\t\t\t\t\t\t\t\t\t\t\t\t<\/div>\n\t\t\t\t<\/div>\n\t\t\t\t\t<\/div>\n\t\t<\/div>\n\t\t\t\t<div class=\"elementor-column elementor-col-50 elementor-top-column elementor-element elementor-element-406972b9\" data-id=\"406972b9\" data-element_type=\"column\">\n\t\t\t<div class=\"elementor-widget-wrap elementor-element-populated\">\n\t\t\t\t\t\t\t\t<div class=\"elementor-element elementor-element-2d184c89 elementor-widget elementor-widget-heading\" data-id=\"2d184c89\" data-element_type=\"widget\" data-widget_type=\"heading.default\">\n\t\t\t\t<div class=\"elementor-widget-container\">\n\t\t\t<style>\/*! elementor - v3.6.6 - 08-06-2022 *\/\n.elementor-heading-title{padding:0;margin:0;line-height:1}.elementor-widget-heading .elementor-heading-title[class*=elementor-size-]>a{color:inherit;font-size:inherit;line-height:inherit}.elementor-widget-heading .elementor-heading-title.elementor-size-small{font-size:15px}.elementor-widget-heading .elementor-heading-title.elementor-size-medium{font-size:19px}.elementor-widget-heading .elementor-heading-title.elementor-size-large{font-size:29px}.elementor-widget-heading .elementor-heading-title.elementor-size-xl{font-size:39px}.elementor-widget-heading .elementor-heading-title.elementor-size-xxl{font-size:59px}<\/style><h4 class=\"elementor-heading-title elementor-size-default\">Nural Kimya<\/h4>\t\t<\/div>\n\t\t\t\t<\/div>\n\t\t\t\t<div class=\"elementor-element elementor-element-758e6191 elementor-widget elementor-widget-text-editor\" data-id=\"758e6191\" data-element_type=\"widget\" data-widget_type=\"text-editor.default\">\n\t\t\t\t<div class=\"elementor-widget-container\">\n\t\t\t<style>\/*! elementor - v3.6.6 - 08-06-2022 *\/\n.elementor-widget-text-editor.elementor-drop-cap-view-stacked .elementor-drop-cap{background-color:#818a91;color:#fff}.elementor-widget-text-editor.elementor-drop-cap-view-framed .elementor-drop-cap{color:#818a91;border:3px solid;background-color:transparent}.elementor-widget-text-editor:not(.elementor-drop-cap-view-default) .elementor-drop-cap{margin-top:8px}.elementor-widget-text-editor:not(.elementor-drop-cap-view-default) .elementor-drop-cap-letter{width:1em;height:1em}.elementor-widget-text-editor .elementor-drop-cap{float:left;text-align:center;line-height:1;font-size:50px}.elementor-widget-text-editor .elementor-drop-cap-letter{display:inline-block}<\/style>\t\t\t\t<p>Temizlik sekt\u00f6r\u00fcnde 1990 y\u0131l\u0131nda ba\u015flayan Nural Kimya Temizlik \u00dcr\u00fcnleri<br \/>hijyen alan\u0131nda \u00e7ok geni\u015f \u00fcr\u00fcn yelpazesiyle sizlere hizmet vermektedir.<br \/>Giri\u015fimcilik, \u00e7evreye sayg\u0131 ve \u00e7evreyi koruma, daha y\u00fcksek kalite ve<br \/>uygun fiyat hedefimiz olmu\u015ftur.<\/p>\t\t\t\t\t\t<\/div>\n\t\t\t\t<\/div>\n\t\t\t\t\t<\/div>\n\t\t<\/div>\n\t\t\t\t\t\t\t<\/div>\n\t\t<\/section>\n\t\t\t\t\t\t\t<\/div>\n\t\t","protected":false},"excerpt":{"rendered":"<p>Nural Kimya Temizlik sekt\u00f6r\u00fcnde 1990 y\u0131l\u0131nda ba\u015flayan Nural Kimya Temizlik \u00dcr\u00fcnlerihijyen alan\u0131nda \u00e7ok geni\u015f \u00fcr\u00fcn yelpazesiyle sizlere hizmet vermektedir.Giri\u015fimcilik, \u00e7evreye sayg\u0131 ve \u00e7evreyi koruma, daha y\u00fcksek kalite veuygun fiyat hedefimiz olmu\u015ftur.<\/p>\n","protected":false},"author":1,"featured_media":0,"parent":0,"menu_order":0,"comment_status":"closed","ping_status":"closed","template":"","meta":{"om_disable_all_campaigns":false,"_monsterinsights_skip_tracking":false,"_monsterinsights_sitenote_active":false,"_monsterinsights_sitenote_note":"","_monsterinsights_sitenote_category":0},"_links":{"self":[{"href":"http:\/\/nuralkimya.com\/index.php\/wp-json\/wp\/v2\/pages\/29"}],"collection":[{"href":"http:\/\/nuralkimya.com\/index.php\/wp-json\/wp\/v2\/pages"}],"about":[{"href":"http:\/\/nuralkimya.com\/index.php\/wp-json\/wp\/v2\/types\/page"}],"author":[{"embeddable":true,"href":"http:\/\/nuralkimya.com\/index.php\/wp-json\/wp\/v2\/users\/1"}],"replies":[{"embeddable":true,"href":"http:\/\/nuralkimya.com\/index.php\/wp-json\/wp\/v2\/comments?post=29"}],"version-history":[{"count":7,"href":"http:\/\/nuralkimya.com\/index.php\/wp-json\/wp\/v2\/pages\/29\/revisions"}],"predecessor-version":[{"id":42,"href":"http:\/\/nuralkimya.com\/index.php\/wp-json\/wp\/v2\/pages\/29\/revisions\/42"}],"wp:attachment":[{"href":"http:\/\/nuralkimya.com\/index.php\/wp-json\/wp\/v2\/media?parent=29"}],"curies":[{"name":"wp","href":"https:\/\/api.w.org\/{rel}","templated":true}]}}