{"id":4,"date":"2022-06-14T22:52:45","date_gmt":"2022-06-14T19:52:45","guid":{"rendered":"http:\/\/nuralkimya.com\/index.php\/mesmerize\/"},"modified":"2022-06-17T12:58:21","modified_gmt":"2022-06-17T09:58:21","slug":"mesmerize","status":"publish","type":"page","link":"http:\/\/nuralkimya.com\/","title":{"rendered":"Front Page"},"content":{"rendered":"<div  id=\"overlappable-4\" style=\"background-color: #ffffff;\" data-label=\"Overlappable\" data-id=\"overlappable-4\" data-export-id=\"overlappable-4\" data-category=\"overlappable\" class=\"overlappable-4 content-section content-section-spacing\" data-overlap=\"true\"><div  class=\"gridContainer\"> <div  data-type=\"row\" class=\"row spaced-cols text-center\"><div  class=\"col-xs-12 col-sm-4 col-padding\"> <i  class=\"fa icon fa-clone large shadow-large-black round aligncenter reverse color1\"><\/i> <div  data-type=\"column\" class=\"\"> <h5  class=\"\">PROFESYONELL\u0130K<\/h5> <p  class=\"\">Lorem ipsum dolor sit amet, consectetur adipiscing elit, sed do eiusmod tempor incididunt ut labore et dolore magna aliqua.<\/p><\/div> <\/div> <div  class=\"col-xs-12 col-sm-4 col-padding\"> <i  class=\"fa icon fa-cogs large shadow-large-black round aligncenter reverse color1\"><\/i> <div  data-type=\"column\" class=\"\"><h5  class=\"\">KURUMSALLIK<\/h5> <p  class=\"\">Lorem ipsum dolor sit amet, consectetur adipiscing elit, sed do eiusmod tempor incididunt ut labore et dolore magna aliqua.<\/p><\/div> <\/div> <div  class=\"col-xs-12 col-sm-4 col-padding\"> <i  class=\"fa icon fa-magic large shadow-large-black round aligncenter reverse color1\"><\/i> <div  data-type=\"column\" class=\"\"><h5  class=\"\">FABR\u0130KASYON \u00dcRET\u0130M<\/h5> <p  class=\"\">Lorem ipsum dolor sit amet, consectetur adipiscing elit, sed do eiusmod tempor incididunt ut labore et dolore magna aliqua.<\/p><\/div> <\/div><\/div> <\/div><\/div><div  data-label=\"Portfolio\" data-id=\"portfolio--1\" data-export-id=\"portfolio-5\" data-category=\"portfolio\" class=\"portfolio-5 content-section content-section-spacing\" id=\"portfolio-4\" style=\"background-color: rgb(245, 250, 253);\"><div  class=\"gridContainer\"> <div  class=\"row text-center\"><div  class=\"section-title-col\" data-type=\"column\"> <h2  class=\"\">Ba\u015fl\u0131ca Hizmetlerimiz<\/h2> <p  class=\"lead\">B\u00fcnyemizde bulunan ba\u015fl\u0131ca hizmetlerimiz.<\/p><\/div> <\/div> <div  class=\"row space-bottom spaced-cols\" data-type=\"row\"> <div  class=\"col-xs-12 col-sm-4 text-center\"> <div  class=\"card no-padding bordered\"> <div  data-hover-fx=\"portfolio-6\" class=\"contentswap-effect\"> <div  class=\"initial-image\"> <img decoding=\"async\"  data-size=\"500x333\" src=\"http:\/\/nuralkimya.com\/wp-content\/uploads\/2022\/06\/cropped-1kh-ahsap-lipox.jpg\"><\/div> <div  class=\"overlay bg-color6\"><\/div> <div  class=\"swap-inner col-xs-12\"> <div  class=\"row full-height-row middle-xs middle-sm\"> <div  class=\"col-xs-12 text-center content-holder\"> <a class=\"button small color2\" href=\"#\" target=\"_self\" data-cp-link=\"1\" rel=\"noopener\">Read More<\/a><\/div> <\/div><\/div> <\/div> <div  class=\"col-xs-12\"> <div  class=\"space-bottom space-top\" data-type=\"column\"> <h5  class=\"\">Deterjan<\/h5> <p  class=\"small italic\">Lorem ipsum dolor sit amet, consectetur adipiscing elit, sed do eiusmod tempor incididunt ut labore<\/p><\/div> <\/div><\/div> <\/div> <div  class=\"col-xs-12 col-sm-4 text-center\"> <div  class=\"card no-padding bordered\"> <div  data-hover-fx=\"portfolio-6\" class=\"contentswap-effect\"> <div  class=\"initial-image\"> <img decoding=\"async\"  data-size=\"500x333\" src=\"http:\/\/nuralkimya.com\/wp-content\/uploads\/2022\/06\/cropped-lipox-katalog_Sayfa_21.jpg\"><\/div> <div  class=\"overlay bg-color6\"><\/div> <div  class=\"swap-inner col-xs-12\"> <div  class=\"row full-height-row middle-xs middle-sm\"> <div  class=\"col-xs-12 text-center content-holder\"> <a class=\"button small color2\" href=\"#\" target=\"_self\" data-cp-link=\"1\" rel=\"noopener\">Read More<\/a><\/div> <\/div><\/div> <\/div> <div  class=\"col-xs-12\"> <div  class=\"space-bottom space-top\" data-type=\"column\"> <h5  class=\"\">End\u00fcstriyel Deterjan<\/h5> <p  class=\"small italic\">Lorem ipsum dolor sit amet, consectetur adipiscing elit, sed do eiusmod tempor incididunt ut labore<\/p><\/div> <\/div><\/div> <\/div> <div  class=\"col-xs-12 col-sm-4 text-center\"> <div  class=\"card no-padding bordered\"> <div  data-hover-fx=\"portfolio-6\" class=\"contentswap-effect\"> <div  class=\"initial-image\"> <img decoding=\"async\"  data-size=\"500x333\" src=\"http:\/\/nuralkimya.com\/wp-content\/plugins\/mesmerize-companion\/theme-data\/mesmerize\/sections\/images\/laptop-2559795.jpg\"><\/div> <div  class=\"overlay bg-color6\"><\/div> <div  class=\"swap-inner col-xs-12\"> <div  class=\"row full-height-row middle-xs middle-sm\"> <div  class=\"col-xs-12 text-center content-holder\"> <a  class=\"button small color2\" href=\"#\">Read More<\/a><\/div> <\/div><\/div> <\/div> <div  class=\"col-xs-12\"> <div  class=\"space-bottom space-top\" data-type=\"column\"> <h5  class=\"\">Teknik \u00dcr\u00fcnler<\/h5> <p  class=\"small italic\">Lorem ipsum dolor sit amet, consectetur adipiscing elit, sed do eiusmod tempor incididunt ut labore<\/p><\/div> <\/div><\/div> <\/div><div  class=\"col-xs-12 col-sm-4 text-center\"> <div  class=\"card no-padding bordered\"> <div  data-hover-fx=\"portfolio-6\" class=\"contentswap-effect\"> <div  class=\"initial-image\"> <img decoding=\"async\"  data-size=\"500x333\" src=\"http:\/\/nuralkimya.com\/wp-content\/plugins\/mesmerize-companion\/theme-data\/mesmerize\/sections\/images\/computer-2569652.jpg\"><\/div> <div  class=\"overlay bg-color6\"><\/div> <div  class=\"swap-inner col-xs-12\"> <div  class=\"row full-height-row middle-xs middle-sm\"> <div  class=\"col-xs-12 text-center content-holder\"> <a  class=\"button small color2\" href=\"#\">Read More<\/a><\/div> <\/div><\/div> <\/div> <div  class=\"col-xs-12\"> <div  class=\"space-bottom space-top\" data-type=\"column\"> <h5  class=\"\">Hal\u0131 Bak\u0131m \u00dcr\u00fcnleri<\/h5> <p  class=\"small italic\">Lorem ipsum dolor sit amet, consectetur adipiscing elit, sed do eiusmod tempor incididunt ut labore<\/p><\/div> <\/div><\/div> <\/div><div  class=\"col-xs-12 col-sm-4 text-center\"> <div  class=\"card no-padding bordered\"> <div  data-hover-fx=\"portfolio-6\" class=\"contentswap-effect\"> <div  class=\"initial-image\"> <img decoding=\"async\"  data-size=\"500x333\" src=\"http:\/\/nuralkimya.com\/wp-content\/uploads\/2022\/06\/cropped-lipox-katalog_Sayfa_27.jpg\"><\/div> <div  class=\"overlay bg-color6\"><\/div> <div  class=\"swap-inner col-xs-12\"> <div  class=\"row full-height-row middle-xs middle-sm\"> <div  class=\"col-xs-12 text-center content-holder\"> <a class=\"button small color2\" href=\"#\" target=\"_self\" data-cp-link=\"1\" rel=\"noopener\">Read More<\/a><\/div> <\/div><\/div> <\/div> <div  class=\"col-xs-12\"> <div  class=\"space-bottom space-top\" data-type=\"column\"> <h5  class=\"\">Oto Bak\u0131m \u00dcr\u00fcnleri<\/h5> <p  class=\"small italic\">Lorem ipsum dolor sit amet, consectetur adipiscing elit, sed do eiusmod tempor incididunt ut labore<\/p><\/div> <\/div><\/div> <\/div><div  class=\"col-xs-12 col-sm-4 text-center\"> <div  class=\"card no-padding bordered\"> <div  data-hover-fx=\"portfolio-6\" class=\"contentswap-effect\"> <div  class=\"initial-image\"> <img decoding=\"async\"  data-size=\"500x333\" src=\"http:\/\/nuralkimya.com\/wp-content\/plugins\/mesmerize-companion\/theme-data\/mesmerize\/sections\/images\/computer-2569652.jpg\"><\/div> <div  class=\"overlay bg-color6\"><\/div> <div  class=\"swap-inner col-xs-12\"> <div  class=\"row full-height-row middle-xs middle-sm\"> <div  class=\"col-xs-12 text-center content-holder\"> <a  class=\"button small color2\" href=\"#\">Read More<\/a><\/div> <\/div><\/div> <\/div> <div  class=\"col-xs-12\"> <div  class=\"space-bottom space-top\" data-type=\"column\"> <h5  class=\"\">Ortam Kokular\u0131<\/h5> <p  class=\"small italic\">Lorem ipsum dolor sit amet, consectetur adipiscing elit, sed do eiusmod tempor incididunt ut labore<\/p><\/div> <\/div><\/div> <\/div><div  class=\"col-xs-12 col-sm-4 text-center\"> <div  class=\"card no-padding bordered\"> <div  data-hover-fx=\"portfolio-6\" class=\"contentswap-effect\"> <div  class=\"initial-image\"> <img decoding=\"async\"  data-size=\"500x333\" src=\"http:\/\/nuralkimya.com\/wp-content\/plugins\/mesmerize-companion\/theme-data\/mesmerize\/sections\/images\/computer-2569652.jpg\"><\/div> <div  class=\"overlay bg-color6\"><\/div> <div  class=\"swap-inner col-xs-12\"> <div  class=\"row full-height-row middle-xs middle-sm\"> <div  class=\"col-xs-12 text-center content-holder\"> <a  class=\"button small color2\" href=\"#\">Read More<\/a><\/div> <\/div><\/div> <\/div> <div  class=\"col-xs-12\"> <div  class=\"space-bottom space-top\" data-type=\"column\"> <h5  class=\"\">Hammaddeler<\/h5> <p  class=\"small italic\">Lorem ipsum dolor sit amet, consectetur adipiscing elit, sed do eiusmod tempor incididunt ut labore<\/p><\/div> <\/div><\/div> <\/div><div  class=\"col-xs-12 col-sm-4 text-center\"> <div  class=\"card no-padding bordered\"> <div  data-hover-fx=\"portfolio-6\" class=\"contentswap-effect\"> <div  class=\"initial-image\"> <img decoding=\"async\"  data-size=\"500x333\" src=\"http:\/\/nuralkimya.com\/wp-content\/uploads\/2022\/06\/cropped-lipox-katalog_Sayfa_06.jpg\"><\/div> <div  class=\"overlay bg-color6\"><\/div> <div  class=\"swap-inner col-xs-12\"> <div  class=\"row full-height-row middle-xs middle-sm\"> <div  class=\"col-xs-12 text-center content-holder\"> <a class=\"button small color2\" href=\"#\" target=\"_self\" data-cp-link=\"1\" rel=\"noopener\">Read More<\/a><\/div> <\/div><\/div> <\/div> <div  class=\"col-xs-12\"> <div  class=\"space-bottom space-top\" data-type=\"column\"> <h5  class=\"\">Temizlik Yard\u0131mc\u0131 \u00dcr\u00fcnleri<\/h5> <p  class=\"small italic\">Lorem ipsum dolor sit amet, consectetur adipiscing elit, sed do eiusmod tempor incididunt ut labore<\/p><\/div> <\/div><\/div> <\/div><\/div> <div  class=\"row\"><div  data-type=\"column\" class=\"col-xs-12 text-center\"> <a  class=\"button color2 y-move\" href=\"#\">View Portfolio<\/a><\/div> <\/div><\/div> <\/div><div  id=\"portfolio-3\" style=\"background-color: #f5fafd;\" data-label=\"Portfolio\" data-id=\"portfolio-4\" data-export-id=\"portfolio-4\" data-category=\"portfolio\" class=\"portfolio-4 content-section content-section-spacing-top\"><div  class=\"\"> <div  class=\"row text-center\"><div  class=\"section-title-col\" data-type=\"column\"> <h2  class=\"\">\u00dcr\u00fcnlerimizden<\/h2> <p  class=\"lead\">B\u00fcnyemizde bulunan \u00fcr\u00fcnlerimizden baz\u0131lar\u0131<\/p><\/div> <\/div> <div  data-type=\"row\" class=\"row\" data-fixed=\"true\"> <div  class=\"col-xs-12 col-sm-3 no-gutter-col\"> <div  class=\"contentswap-effect\" data-hover-fx=\"portfolio-4\"> <div  class=\"initial-image\"> <img decoding=\"async\"  data-size=\"542x360\" src=\"http:\/\/nuralkimya.com\/wp-content\/uploads\/2022\/06\/cropped-bulasik-5-kg-ana.jpg\"><\/div> <div  class=\"overlay bg-color1\"><\/div> <div  class=\"swap-inner col-xs-12\"> <div  class=\"row full-height-row middle-xs middle-sm\"> <div  class=\"col-xs-12 text-center content-holder\"> <a href=\"#\" target=\"_self\" rel=\"noopener\"><i  class=\"fa icon portfolio-icon fa-search big\" aria-hidden=\"true\"><\/i><\/a><\/div> <\/div><\/div> <\/div><\/div> <div  class=\"col-xs-12 col-sm-3 no-gutter-col\"><div  class=\"contentswap-effect\" data-hover-fx=\"portfolio-4\"> <div  class=\"initial-image\"> <img decoding=\"async\"  data-size=\"542x360\" src=\"http:\/\/nuralkimya.com\/wp-content\/uploads\/2022\/06\/cropped-DERZ-SISE.jpg\"><\/div> <div  class=\"overlay bg-color1\"><\/div> <div  class=\"swap-inner col-xs-12\"> <div  class=\"row full-height-row middle-xs middle-sm\"> <div  class=\"col-xs-12 text-center content-holder\"> <a href=\"#\" target=\"_self\" rel=\"noopener\"><i  class=\"fa icon portfolio-icon fa-search big\" aria-hidden=\"true\"><\/i><\/a><\/div> <\/div><\/div> <\/div><\/div> <div  class=\"col-xs-12 col-sm-3 no-gutter-col\"><div  class=\"contentswap-effect\" data-hover-fx=\"portfolio-4\"> <div  class=\"initial-image\"> <img decoding=\"async\"  data-size=\"542x360\" src=\"http:\/\/nuralkimya.com\/wp-content\/uploads\/2022\/06\/cropped-mineralli-ovma-750-MLlipox.jpg\"><\/div> <div  class=\"overlay bg-color1\"><\/div> <div  class=\"swap-inner col-xs-12\"> <div  class=\"row full-height-row middle-xs middle-sm\"> <div  class=\"col-xs-12 text-center content-holder\"> <a href=\"#\" target=\"_self\" rel=\"noopener\"><i  class=\"fa icon portfolio-icon fa-search big\" aria-hidden=\"true\"><\/i><\/a><\/div> <\/div><\/div> <\/div><\/div> <div  class=\"col-xs-12 col-sm-3 no-gutter-col\"><div  class=\"contentswap-effect\" data-hover-fx=\"portfolio-4\"> <div  class=\"initial-image\"> <img decoding=\"async\"  data-size=\"542x360\" src=\"http:\/\/nuralkimya.com\/wp-content\/uploads\/2022\/06\/cropped-sivi-400-ml-x-20-mavi.jpg\"><\/div> <div  class=\"overlay bg-color1\"><\/div> <div  class=\"swap-inner col-xs-12\"> <div  class=\"row full-height-row middle-xs middle-sm\"> <div  class=\"col-xs-12 text-center content-holder\"> <a href=\"#\" target=\"_self\" rel=\"noopener\"><i  class=\"fa icon portfolio-icon fa-search big\" aria-hidden=\"true\"><\/i><\/a><\/div> <\/div><\/div> <\/div><\/div> <div  class=\"col-xs-12 col-sm-3 no-gutter-col\"><div  class=\"contentswap-effect\" data-hover-fx=\"portfolio-4\"> <div  class=\"initial-image\"> <img decoding=\"async\"  data-size=\"542x360\" src=\"http:\/\/nuralkimya.com\/wp-content\/uploads\/2022\/06\/cropped-florex-yuzey-4-ana.jpg\"><\/div> <div  class=\"overlay bg-color1\"><\/div> <div  class=\"swap-inner col-xs-12\"> <div  class=\"row full-height-row middle-xs middle-sm\"> <div  class=\"col-xs-12 text-center content-holder\"> <a href=\"#\" target=\"_self\" rel=\"noopener\"><i  class=\"fa icon portfolio-icon fa-search big\" aria-hidden=\"true\"><\/i><\/a><\/div> <\/div><\/div> <\/div><\/div> <div  class=\"col-xs-12 col-sm-3 no-gutter-col\"><div  class=\"contentswap-effect\" data-hover-fx=\"portfolio-4\"> <div  class=\"initial-image\"> <img decoding=\"async\"  data-size=\"542x360\" src=\"http:\/\/nuralkimya.com\/wp-content\/uploads\/2022\/06\/cropped-T.101.jpg\"><\/div> <div  class=\"overlay bg-color1\"><\/div> <div  class=\"swap-inner col-xs-12\"> <div  class=\"row full-height-row middle-xs middle-sm\"> <div  class=\"col-xs-12 text-center content-holder\"> <a href=\"#\" target=\"_self\" rel=\"noopener\"><i  class=\"fa icon portfolio-icon fa-search big\" aria-hidden=\"true\"><\/i><\/a><\/div> <\/div><\/div> <\/div><\/div> <div  class=\"col-xs-12 col-sm-3 no-gutter-col\"><div  class=\"contentswap-effect\" data-hover-fx=\"portfolio-4\"> <div  class=\"initial-image\"> <img decoding=\"async\"  data-size=\"542x360\" src=\"http:\/\/nuralkimya.com\/wp-content\/uploads\/2022\/06\/cropped-Ultra-camasir-suyu-810-yesil.jpg\"><\/div> <div  class=\"overlay bg-color1\"><\/div> <div  class=\"swap-inner col-xs-12\"> <div  class=\"row full-height-row middle-xs middle-sm\"> <div  class=\"col-xs-12 text-center content-holder\"> <a href=\"#\" target=\"_self\" rel=\"noopener\"><i  class=\"fa icon portfolio-icon fa-search big\" aria-hidden=\"true\"><\/i><\/a><\/div> <\/div><\/div> <\/div><\/div> <div  class=\"col-xs-12 col-sm-3 no-gutter-col\"><div  class=\"contentswap-effect\" data-hover-fx=\"portfolio-4\"> <div  class=\"initial-image\"> <img decoding=\"async\"  data-size=\"542x360\" src=\"http:\/\/nuralkimya.com\/wp-content\/uploads\/2022\/06\/cropped-Yuzey-1-lt-ana.jpg\"><\/div> <div  class=\"overlay bg-color1\"><\/div> <div  class=\"swap-inner col-xs-12\"> <div  class=\"row full-height-row middle-xs middle-sm\"> <div  class=\"col-xs-12 text-center content-holder\"> <a href=\"#\" target=\"_self\" rel=\"noopener\"><i  class=\"fa icon portfolio-icon fa-search big\" aria-hidden=\"true\"><\/i><\/a><\/div> <\/div><\/div> <\/div><\/div> <\/div><\/div> <\/div><div  id=\"contact-1\" data-label=\"Contact\" data-id=\"contact-1\" data-export-id=\"contact-1\" data-category=\"contact\" class=\"contact-1 content-section content-section-spacing white-text\" data-parallax-depth=\"20\"><div  class=\"gridContainer\"> <div  class=\"row text-center\"><div  class=\"section-title-col\" data-type=\"column\"> <h2  class=\"\">\u0130leti\u015fim<\/h2> <p  class=\"lead\">With the Internet spreading linke wildfire and reaching every part of our daily life, more and more traffic is directed to websites in search for information.<\/p><\/div> <\/div> <div  class=\"row text-center\"> <div  class=\"col-xs-12 col-sm-8 col-sm-offset-2 contact-form-wrapper inline-info\"> <div  class=\"card large-padding\"> <div  class=\"\" data-content-shortcode=\"mesmerize_contact_form\" data-editable=\"true\"><p style=\"text-align:center;color:#ababab\">Contact form will be displayed here. To activate it you have to set the \"contact form shortcode\" parameter in Customizer.<\/p><\/div><\/div> <\/div><\/div> <\/div><\/div>","protected":false},"excerpt":{"rendered":"<p>PROFESYONELL\u0130K Lorem ipsum dolor sit amet, consectetur adipiscing elit, sed do eiusmod tempor incididunt ut labore et dolore magna aliqua. KURUMSALLIK Lorem ipsum dolor sit amet, consectetur adipiscing elit, sed do eiusmod tempor incididunt ut labore et dolore magna aliqua. FABR\u0130KASYON \u00dcRET\u0130M Lorem ipsum dolor sit amet, consectetur adipiscing elit, sed do eiusmod tempor incididunt&hellip; <br \/> <a class=\"read-more\" href=\"http:\/\/nuralkimya.com\/\">Devam\u0131<\/a><\/p>\n","protected":false},"author":1,"featured_media":0,"parent":0,"menu_order":0,"comment_status":"closed","ping_status":"closed","template":"page-templates\/homepage.php","meta":{"om_disable_all_campaigns":false,"_monsterinsights_skip_tracking":false,"_monsterinsights_sitenote_active":false,"_monsterinsights_sitenote_note":"","_monsterinsights_sitenote_category":0},"_links":{"self":[{"href":"http:\/\/nuralkimya.com\/index.php\/wp-json\/wp\/v2\/pages\/4"}],"collection":[{"href":"http:\/\/nuralkimya.com\/index.php\/wp-json\/wp\/v2\/pages"}],"about":[{"href":"http:\/\/nuralkimya.com\/index.php\/wp-json\/wp\/v2\/types\/page"}],"author":[{"embeddable":true,"href":"http:\/\/nuralkimya.com\/index.php\/wp-json\/wp\/v2\/users\/1"}],"replies":[{"embeddable":true,"href":"http:\/\/nuralkimya.com\/index.php\/wp-json\/wp\/v2\/comments?post=4"}],"version-history":[{"count":9,"href":"http:\/\/nuralkimya.com\/index.php\/wp-json\/wp\/v2\/pages\/4\/revisions"}],"predecessor-version":[{"id":72,"href":"http:\/\/nuralkimya.com\/index.php\/wp-json\/wp\/v2\/pages\/4\/revisions\/72"}],"wp:attachment":[{"href":"http:\/\/nuralkimya.com\/index.php\/wp-json\/wp\/v2\/media?parent=4"}],"curies":[{"name":"wp","href":"https:\/\/api.w.org\/{rel}","templated":true}]}}